{"id":538,"date":"2019-03-15T10:24:58","date_gmt":"2019-03-15T16:24:58","guid":{"rendered":"https:\/\/theatgroup.1mas3.com\/?page_id=538"},"modified":"2026-03-16T15:04:16","modified_gmt":"2026-03-16T21:04:16","slug":"ingenieria-construccion","status":"publish","type":"page","link":"https:\/\/theatgroup.1mas3.com\/en\/ingenieria-construccion\/","title":{"rendered":"INGENIER\u00cdA &#038; CONSTRUCCI\u00d3N"},"content":{"rendered":"<div data-elementor-type=\"wp-post\" data-elementor-id=\"538\" class=\"elementor elementor-538\" data-elementor-post-type=\"page\">\n\t\t\t\t\t\t<section class=\"elementor-section elementor-top-section elementor-element elementor-element-1f7428a4 elementor-section-full_width elementor-section-height-min-height elementor-section-height-default elementor-section-items-middle wpr-particle-no wpr-jarallax-no wpr-parallax-no wpr-sticky-section-no\" data-id=\"1f7428a4\" data-element_type=\"section\" data-e-type=\"section\" data-settings=\"{&quot;background_background&quot;:&quot;classic&quot;}\">\n\t\t\t\t\t\t<div class=\"elementor-container elementor-column-gap-no\">\n\t\t\t\t\t<div class=\"elementor-column elementor-col-100 elementor-top-column elementor-element elementor-element-4cc7b413\" data-id=\"4cc7b413\" data-element_type=\"column\" data-e-type=\"column\" data-settings=\"{&quot;background_background&quot;:&quot;classic&quot;}\">\n\t\t\t<div class=\"elementor-widget-wrap elementor-element-populated\">\n\t\t\t\t\t\t<section class=\"elementor-section elementor-inner-section elementor-element elementor-element-6cc8194 elementor-section-boxed elementor-section-height-default elementor-section-height-default wpr-particle-no wpr-jarallax-no wpr-parallax-no wpr-sticky-section-no\" data-id=\"6cc8194\" data-element_type=\"section\" data-e-type=\"section\">\n\t\t\t\t\t\t<div class=\"elementor-container elementor-column-gap-default\">\n\t\t\t\t\t<div class=\"elementor-column elementor-col-33 elementor-inner-column elementor-element elementor-element-4ce051e6\" data-id=\"4ce051e6\" data-element_type=\"column\" data-e-type=\"column\">\n\t\t\t<div class=\"elementor-widget-wrap\">\n\t\t\t\t\t\t\t<\/div>\n\t\t<\/div>\n\t\t\t\t<div class=\"elementor-column elementor-col-33 elementor-inner-column elementor-element elementor-element-49f8b21f\" data-id=\"49f8b21f\" data-element_type=\"column\" data-e-type=\"column\" data-settings=\"{&quot;background_background&quot;:&quot;classic&quot;}\">\n\t\t\t<div class=\"elementor-widget-wrap elementor-element-populated\">\n\t\t\t\t\t\t<div class=\"elementor-element elementor-element-46f50dc2 elementor-widget elementor-widget-heading\" data-id=\"46f50dc2\" data-element_type=\"widget\" data-e-type=\"widget\" data-widget_type=\"heading.default\">\n\t\t\t\t<div class=\"elementor-widget-container\">\n\t\t\t\t\t<h2 class=\"elementor-heading-title elementor-size-default\">ENGINEERING &amp; CONSTRUCTION<\/h2>\t\t\t\t<\/div>\n\t\t\t\t<\/div>\n\t\t\t\t<div class=\"elementor-element elementor-element-2600ff43 elementor-widget elementor-widget-text-editor\" data-id=\"2600ff43\" data-element_type=\"widget\" data-e-type=\"widget\" data-widget_type=\"text-editor.default\">\n\t\t\t\t<div class=\"elementor-widget-container\">\n\t\t\t\t\t\t\t\t\t<p>We are able to provide and support the following activities.<\/p><ul><li>Leveling and Flatness metal bases (pumps, electric motors, generators, turbines, compressors, etc.).<\/li><li>Shaft on site Machining<\/li><li>Alignment of shafts, general or special purpose equipment.<\/li><li>Dimensional control during armed and disassembled of multiphase pumps, sludge, etc.<\/li><li>Disarmed-Assembly of Mechanical Joints.<\/li><li>Recovery of metallic bases rotating equipment.<\/li><li>Dimensional inspection, on-site machining of heat exchangers, tubular bundles, floating covers, covers, channel, etc.<\/li><li>Servicio de integridad de juntas mec\u00e1nicas en turbo-m\u00e1quinas y recipientes a presi\u00f3n (Control de torque hidr\u00e1ulico).<\/li><li>Monitoring of the variables indicating deterioration of rotating equipment (vibrations, thermography, visual inspection, oil analysis).<\/li><li>Review of the asset care strategy (RCM, FMEA, RCA) with certified CMRP personnel.<\/li><\/ul>\t\t\t\t\t\t\t\t<\/div>\n\t\t\t\t<\/div>\n\t\t\t\t\t<\/div>\n\t\t<\/div>\n\t\t\t\t<div class=\"elementor-column elementor-col-33 elementor-inner-column elementor-element elementor-element-239a40ad\" data-id=\"239a40ad\" data-element_type=\"column\" data-e-type=\"column\">\n\t\t\t<div class=\"elementor-widget-wrap\">\n\t\t\t\t\t\t\t<\/div>\n\t\t<\/div>\n\t\t\t\t\t<\/div>\n\t\t<\/section>\n\t\t\t\t\t<\/div>\n\t\t<\/div>\n\t\t\t\t\t<\/div>\n\t\t<\/section>\n\t\t\t\t<\/div>","protected":false},"excerpt":{"rendered":"<p>INGENIER\u00cdA &amp; CONSTRUCCI\u00d3N Estamos en capacidad de apoyarlos en las siguientes actividades, sin limitarnos a ellas. Nivel y Planitud bases met\u00e1licas (bombas, motores el\u00e9ctricos, generadores, turbinas, compresores, etc.) Mecanizado en Sitio de Ejes. Alineaci\u00f3n de ejes, equipos prop\u00f3sito general o especial. Control dimensional armado y desarmado bombas multif\u00e1sicas, de lodos, etc. Desarmado-Armado de Juntas Mec\u00e1nicas. Recuperaci\u00f3n de bases met\u00e1licas equipos rotativos. Inspecci\u00f3n dimensional, mecanizado en sitio de intercambiadores de calor, haz tubular, tapas flotantes, tapas, channel, casco, etc. Servicio de integridad de juntas mec\u00e1nicas en turbo-m\u00e1quinas y recipientes a presi\u00f3n (Control de torque hidr\u00e1ulico). Monitoreo de las variables indicadoras de deterioro de equipos rotativos (vibraciones, termograf\u00eda, inspecci\u00f3n visual, an\u00e1lisis de aceite). Revisi\u00f3n de la estrategia de cuidado de activos (RCM, FMEA) con personal certificado CMRP.<\/p>","protected":false},"author":1,"featured_media":0,"parent":0,"menu_order":0,"comment_status":"closed","ping_status":"closed","template":"elementor_header_footer","meta":{"_monsterinsights_skip_tracking":false,"_monsterinsights_sitenote_active":false,"_monsterinsights_sitenote_note":"","_monsterinsights_sitenote_category":0,"footnotes":""},"class_list":["post-538","page","type-page","status-publish","hentry"],"_links":{"self":[{"href":"https:\/\/theatgroup.1mas3.com\/en\/wp-json\/wp\/v2\/pages\/538","targetHints":{"allow":["GET"]}}],"collection":[{"href":"https:\/\/theatgroup.1mas3.com\/en\/wp-json\/wp\/v2\/pages"}],"about":[{"href":"https:\/\/theatgroup.1mas3.com\/en\/wp-json\/wp\/v2\/types\/page"}],"author":[{"embeddable":true,"href":"https:\/\/theatgroup.1mas3.com\/en\/wp-json\/wp\/v2\/users\/1"}],"replies":[{"embeddable":true,"href":"https:\/\/theatgroup.1mas3.com\/en\/wp-json\/wp\/v2\/comments?post=538"}],"version-history":[{"count":18,"href":"https:\/\/theatgroup.1mas3.com\/en\/wp-json\/wp\/v2\/pages\/538\/revisions"}],"predecessor-version":[{"id":3923,"href":"https:\/\/theatgroup.1mas3.com\/en\/wp-json\/wp\/v2\/pages\/538\/revisions\/3923"}],"wp:attachment":[{"href":"https:\/\/theatgroup.1mas3.com\/en\/wp-json\/wp\/v2\/media?parent=538"}],"curies":[{"name":"wp","href":"https:\/\/api.w.org\/{rel}","templated":true}]}}