{"id":683,"date":"2019-04-17T14:35:30","date_gmt":"2019-04-17T20:35:30","guid":{"rendered":"https:\/\/theatgroup.1mas3.com\/?page_id=683"},"modified":"2026-03-16T14:49:05","modified_gmt":"2026-03-16T20:49:05","slug":"refinacion-petroquimica","status":"publish","type":"page","link":"https:\/\/theatgroup.1mas3.com\/en\/refinacion-petroquimica\/","title":{"rendered":"REFINACI\u00d3N &#038; PETROQU\u00cdMICA"},"content":{"rendered":"<div data-elementor-type=\"wp-post\" data-elementor-id=\"683\" class=\"elementor elementor-683\" data-elementor-post-type=\"page\">\n\t\t\t\t\t\t<section class=\"elementor-section elementor-top-section elementor-element elementor-element-820b89e elementor-section-full_width elementor-section-height-min-height elementor-section-height-default elementor-section-items-middle wpr-particle-no wpr-jarallax-no wpr-parallax-no wpr-sticky-section-no\" data-id=\"820b89e\" data-element_type=\"section\" data-e-type=\"section\" data-settings=\"{&quot;background_background&quot;:&quot;classic&quot;}\">\n\t\t\t\t\t\t<div class=\"elementor-container elementor-column-gap-no\">\n\t\t\t\t\t<div class=\"elementor-column elementor-col-100 elementor-top-column elementor-element elementor-element-539e4a58\" data-id=\"539e4a58\" data-element_type=\"column\" data-e-type=\"column\" data-settings=\"{&quot;background_background&quot;:&quot;classic&quot;}\">\n\t\t\t<div class=\"elementor-widget-wrap elementor-element-populated\">\n\t\t\t\t\t\t<section class=\"elementor-section elementor-inner-section elementor-element elementor-element-163e0940 elementor-section-boxed elementor-section-height-default elementor-section-height-default wpr-particle-no wpr-jarallax-no wpr-parallax-no wpr-sticky-section-no\" data-id=\"163e0940\" data-element_type=\"section\" data-e-type=\"section\">\n\t\t\t\t\t\t<div class=\"elementor-container elementor-column-gap-default\">\n\t\t\t\t\t<div class=\"elementor-column elementor-col-33 elementor-inner-column elementor-element elementor-element-3ee9a228\" data-id=\"3ee9a228\" data-element_type=\"column\" data-e-type=\"column\">\n\t\t\t<div class=\"elementor-widget-wrap\">\n\t\t\t\t\t\t\t<\/div>\n\t\t<\/div>\n\t\t\t\t<div class=\"elementor-column elementor-col-33 elementor-inner-column elementor-element elementor-element-59518e6b\" data-id=\"59518e6b\" data-element_type=\"column\" data-e-type=\"column\" data-settings=\"{&quot;background_background&quot;:&quot;classic&quot;}\">\n\t\t\t<div class=\"elementor-widget-wrap elementor-element-populated\">\n\t\t\t\t\t\t<div class=\"elementor-element elementor-element-39160846 elementor-widget elementor-widget-heading\" data-id=\"39160846\" data-element_type=\"widget\" data-e-type=\"widget\" data-widget_type=\"heading.default\">\n\t\t\t\t<div class=\"elementor-widget-container\">\n\t\t\t\t\t<h2 class=\"elementor-heading-title elementor-size-default\">Refining &amp; Petrochemicals<\/h2>\t\t\t\t<\/div>\n\t\t\t\t<\/div>\n\t\t\t\t<div class=\"elementor-element elementor-element-7fd7b0d8 elementor-widget elementor-widget-text-editor\" data-id=\"7fd7b0d8\" data-element_type=\"widget\" data-e-type=\"widget\" data-widget_type=\"text-editor.default\">\n\t\t\t\t<div class=\"elementor-widget-container\">\n\t\t\t\t\t\t\t\t\t<p>We are able to provide and support the following activities.<\/p><ul><li>Leveling and Flatness metal bases (pumps, electric motors, generators, turbines, compressors, etc).<\/li><li>Shaft on site Machining<\/li><li>Alignment of shafts, general or special purpose equipment.<\/li><li>Disarmed-Assembly of Mechanical Joints.<\/li><li>Recovery of metallic bases rotating equipment.<\/li><li>Dimensional inspection, on-site machining of heat exchangers, tubular bundles, floating covers, covers, channel, etc.<\/li><li>Leveling, Parallelism and Perpendicularity of Tail Rollers and Transmission conveyor belts.<\/li><li>Dimensional inspection reactors.<\/li><li>Dimensional and centered control of turbo-machines.<\/li><li>Dimensional control, centering and leveling of reciprocating equipment.<\/li><li>Servicio de integridad de juntas mec\u00e1nicas en turbo-maquinas y recipientes a presi\u00f3n.<\/li><li>Monitoring of the variables indicating deterioration of rotating equipment (vibrations, thermography, visual inspection, oil analysis).<\/li><li>Review of the asset care strategy (RCM, FMEA, RCA) with certified CMRP personnel.<\/li><\/ul>\t\t\t\t\t\t\t\t<\/div>\n\t\t\t\t<\/div>\n\t\t\t\t\t<\/div>\n\t\t<\/div>\n\t\t\t\t<div class=\"elementor-column elementor-col-33 elementor-inner-column elementor-element elementor-element-7cea8d2f\" data-id=\"7cea8d2f\" data-element_type=\"column\" data-e-type=\"column\">\n\t\t\t<div class=\"elementor-widget-wrap\">\n\t\t\t\t\t\t\t<\/div>\n\t\t<\/div>\n\t\t\t\t\t<\/div>\n\t\t<\/section>\n\t\t\t\t\t<\/div>\n\t\t<\/div>\n\t\t\t\t\t<\/div>\n\t\t<\/section>\n\t\t\t\t<\/div>","protected":false},"excerpt":{"rendered":"<p>Refinaci\u00f3n &amp; Petroqu\u00edmica Estamos en capacidad de apoyarlos en las siguientes actividades, sin limitarnos a ellas. Nivel y Planitud bases met\u00e1licas (bombas, motores el\u00e9ctricos, generadores, turbinas, compresores, etc.). Mecanizado en Sitio de Ejes. Alineaci\u00f3n de ejes, equipos prop\u00f3sito general o especial. Desarmado-Armado de Juntas Mec\u00e1nicas. Recuperaci\u00f3n de bases met\u00e1licas equipos rotativos. Inspecci\u00f3n dimensional, mecanizado en sitio de intercambiadores de calor, haz tubular, tapas flotantes, tapas, channel, casco, etc. Nivel, Paralelismo y Perpendicularidad de Rodillos de Cola y Transmisi\u00f3n bandas transportadoras. Inspecci\u00f3n dimensional reactores. Control dimensional y centrado de turbo-m\u00e1quinas. Control dimensional, centrado y nivelaci\u00f3n de equipos reciprocantes. Servicio de integridad de juntas mec\u00e1nicas en turbo-maquinas y recipientes a presi\u00f3n. Monitoreo de las variables indicadoras de deterioro de equipos rotativos (vibraciones, termograf\u00eda, inspecci\u00f3n visual, an\u00e1lisis de aceite). Revisi\u00f3n de la estrategia de cuidado de activos (RCM, FMEA) con personal certificado CMRP.<\/p>","protected":false},"author":1,"featured_media":0,"parent":0,"menu_order":0,"comment_status":"closed","ping_status":"closed","template":"elementor_header_footer","meta":{"_monsterinsights_skip_tracking":false,"_monsterinsights_sitenote_active":false,"_monsterinsights_sitenote_note":"","_monsterinsights_sitenote_category":0,"footnotes":""},"class_list":["post-683","page","type-page","status-publish","hentry"],"_links":{"self":[{"href":"https:\/\/theatgroup.1mas3.com\/en\/wp-json\/wp\/v2\/pages\/683","targetHints":{"allow":["GET"]}}],"collection":[{"href":"https:\/\/theatgroup.1mas3.com\/en\/wp-json\/wp\/v2\/pages"}],"about":[{"href":"https:\/\/theatgroup.1mas3.com\/en\/wp-json\/wp\/v2\/types\/page"}],"author":[{"embeddable":true,"href":"https:\/\/theatgroup.1mas3.com\/en\/wp-json\/wp\/v2\/users\/1"}],"replies":[{"embeddable":true,"href":"https:\/\/theatgroup.1mas3.com\/en\/wp-json\/wp\/v2\/comments?post=683"}],"version-history":[{"count":12,"href":"https:\/\/theatgroup.1mas3.com\/en\/wp-json\/wp\/v2\/pages\/683\/revisions"}],"predecessor-version":[{"id":3895,"href":"https:\/\/theatgroup.1mas3.com\/en\/wp-json\/wp\/v2\/pages\/683\/revisions\/3895"}],"wp:attachment":[{"href":"https:\/\/theatgroup.1mas3.com\/en\/wp-json\/wp\/v2\/media?parent=683"}],"curies":[{"name":"wp","href":"https:\/\/api.w.org\/{rel}","templated":true}]}}