{"id":9,"date":"2019-03-05T07:30:14","date_gmt":"2019-03-05T13:30:14","guid":{"rendered":"https:\/\/theatgroup.1mas3.com\/?page_id=9"},"modified":"2026-03-16T15:38:42","modified_gmt":"2026-03-16T21:38:42","slug":"la-empresa","status":"publish","type":"page","link":"https:\/\/theatgroup.1mas3.com\/en\/la-empresa\/","title":{"rendered":"About us"},"content":{"rendered":"<div data-elementor-type=\"wp-post\" data-elementor-id=\"9\" class=\"elementor elementor-9\" data-elementor-post-type=\"page\">\n\t\t\t\t\t\t<section class=\"elementor-section elementor-top-section elementor-element elementor-element-0ffd319 elementor-section-full_width elementor-section-height-min-height elementor-section-height-default elementor-section-items-middle wpr-particle-no wpr-jarallax-no wpr-parallax-no wpr-sticky-section-no elementor-invisible\" data-id=\"0ffd319\" data-element_type=\"section\" data-e-type=\"section\" data-settings=\"{&quot;background_background&quot;:&quot;classic&quot;,&quot;animation&quot;:&quot;fadeInDown&quot;}\">\n\t\t\t\t\t\t\t<div class=\"elementor-background-overlay\"><\/div>\n\t\t\t\t\t\t\t<div class=\"elementor-container elementor-column-gap-default\">\n\t\t\t\t\t<div class=\"elementor-column elementor-col-100 elementor-top-column elementor-element elementor-element-a2f6810\" data-id=\"a2f6810\" data-element_type=\"column\" data-e-type=\"column\">\n\t\t\t<div class=\"elementor-widget-wrap elementor-element-populated\">\n\t\t\t\t\t\t<div class=\"elementor-element elementor-element-801e138 elementor-widget elementor-widget-heading\" data-id=\"801e138\" data-element_type=\"widget\" data-e-type=\"widget\" data-widget_type=\"heading.default\">\n\t\t\t\t<div class=\"elementor-widget-container\">\n\t\t\t\t\t<h2 class=\"elementor-heading-title elementor-size-default\">Learn more about us<\/h2>\t\t\t\t<\/div>\n\t\t\t\t<\/div>\n\t\t\t\t<section class=\"elementor-section elementor-inner-section elementor-element elementor-element-9988e94 elementor-section-boxed elementor-section-height-default elementor-section-height-default wpr-particle-no wpr-jarallax-no wpr-parallax-no wpr-sticky-section-no\" data-id=\"9988e94\" data-element_type=\"section\" data-e-type=\"section\">\n\t\t\t\t\t\t<div class=\"elementor-container elementor-column-gap-default\">\n\t\t\t\t\t<div class=\"elementor-column elementor-col-100 elementor-inner-column elementor-element elementor-element-b79266b\" data-id=\"b79266b\" data-element_type=\"column\" data-e-type=\"column\">\n\t\t\t<div class=\"elementor-widget-wrap elementor-element-populated\">\n\t\t\t\t\t\t<div class=\"elementor-element elementor-element-8d73d45 elementor-widget elementor-widget-text-editor\" data-id=\"8d73d45\" data-element_type=\"widget\" data-e-type=\"widget\" data-widget_type=\"text-editor.default\">\n\t\t\t\t<div class=\"elementor-widget-container\">\n\t\t\t\t\t\t\t\t\t<p>In 2013, Alto Torque, C.A. was founded in the city of Punto Fijo, Falc\u00f3n State, Venezuela, as an enterprise seeking to add value to its clients, shareholders, and stakeholders by offering specialized solutions executed professionally\u2014a rare combination in the industrial sector. Initially, the company focused on the integrity of bolted or welded joints, offering more than just assembly or disassembly services. They provide comprehensive technical support throughout the joint's lifecycle (design, maintenance, operation, upgrades, and disposal), adhering to internationally accepted guidelines.<\/p><p>In 2014, we invested on On-Site Machining Technology, under the same approach: to close the gaps in high-value solutions. Being able to to perform on-site milling operations.<\/p><p>In 2015, two new expertises were added to our possibilities. Laser Technology, and Assets Lifecycle management continuously searching to gain maximum value for those involved.<\/p><p>In 2016, operations began in Colombia with Alto Torque Ingenier\u00eda SAS, and in 2017 with AT Engineering &amp; Solutions LLC in the USA, aiming to make our solutions and synergies available from these locations. In 2018, cutting-edge technology was incorporated into the Laser Technology business area with the investment in the Faro Vantage portable coordinate measuring system (Laser Tracker) and the Spatial Analyzer application, as well as the start of the project to implement the Quality Management System.<\/p><p>In 2020, a technology business area was incorporated, adapting to the new trends and advances that the industrial world faces, so Reliabytics was born, which is a key digital platform for the intelligent and predictive management of industrial assets, driving the transformation of traditional operations towards connected digital processes.<\/p>\t\t\t\t\t\t\t\t<\/div>\n\t\t\t\t<\/div>\n\t\t\t\t\t<\/div>\n\t\t<\/div>\n\t\t\t\t\t<\/div>\n\t\t<\/section>\n\t\t\t\t\t<\/div>\n\t\t<\/div>\n\t\t\t\t\t<\/div>\n\t\t<\/section>\n\t\t\t\t<section class=\"elementor-section elementor-top-section elementor-element elementor-element-8eb6833 elementor-section-boxed elementor-section-height-default elementor-section-height-default wpr-particle-no wpr-jarallax-no wpr-parallax-no wpr-sticky-section-no elementor-invisible\" data-id=\"8eb6833\" data-element_type=\"section\" data-e-type=\"section\" data-settings=\"{&quot;animation&quot;:&quot;fadeInLeft&quot;}\">\n\t\t\t\t\t\t<div class=\"elementor-container elementor-column-gap-default\">\n\t\t\t\t\t<div class=\"elementor-column elementor-col-50 elementor-top-column elementor-element elementor-element-d8512e1\" data-id=\"d8512e1\" data-element_type=\"column\" data-e-type=\"column\">\n\t\t\t<div class=\"elementor-widget-wrap elementor-element-populated\">\n\t\t\t\t\t\t<div class=\"elementor-element elementor-element-4c03d5b elementor-widget elementor-widget-heading\" data-id=\"4c03d5b\" data-element_type=\"widget\" data-e-type=\"widget\" data-widget_type=\"heading.default\">\n\t\t\t\t<div class=\"elementor-widget-container\">\n\t\t\t\t\t<h2 class=\"elementor-heading-title elementor-size-default\">Mission<\/h2>\t\t\t\t<\/div>\n\t\t\t\t<\/div>\n\t\t\t\t<div class=\"elementor-element elementor-element-c8ea4d2 elementor-widget elementor-widget-text-editor\" data-id=\"c8ea4d2\" data-element_type=\"widget\" data-e-type=\"widget\" data-widget_type=\"text-editor.default\">\n\t\t\t\t<div class=\"elementor-widget-container\">\n\t\t\t\t\t\t\t\t\t<p>We are a company that provides specialized solutions in the industrial field, in a safe and high-value work environment for our clients and shareholders.<\/p>\t\t\t\t\t\t\t\t<\/div>\n\t\t\t\t<\/div>\n\t\t\t\t\t<\/div>\n\t\t<\/div>\n\t\t\t\t<div class=\"elementor-column elementor-col-50 elementor-top-column elementor-element elementor-element-4b51623\" data-id=\"4b51623\" data-element_type=\"column\" data-e-type=\"column\">\n\t\t\t<div class=\"elementor-widget-wrap elementor-element-populated\">\n\t\t\t\t\t\t<div class=\"elementor-element elementor-element-f45e3c4 elementor-widget elementor-widget-heading\" data-id=\"f45e3c4\" data-element_type=\"widget\" data-e-type=\"widget\" data-widget_type=\"heading.default\">\n\t\t\t\t<div class=\"elementor-widget-container\">\n\t\t\t\t\t<h2 class=\"elementor-heading-title elementor-size-default\">Vision<\/h2>\t\t\t\t<\/div>\n\t\t\t\t<\/div>\n\t\t\t\t<div class=\"elementor-element elementor-element-4a31c3a elementor-widget elementor-widget-text-editor\" data-id=\"4a31c3a\" data-element_type=\"widget\" data-e-type=\"widget\" data-widget_type=\"text-editor.default\">\n\t\t\t\t<div class=\"elementor-widget-container\">\n\t\t\t\t\t\t\t\t\t<p>En el 2026 seremos la empresa de referencia en la regi\u00f3n, en el \u00e1rea de soluciones especializadas en el \u00e1mbito industrial.<\/p>\t\t\t\t\t\t\t\t<\/div>\n\t\t\t\t<\/div>\n\t\t\t\t\t<\/div>\n\t\t<\/div>\n\t\t\t\t\t<\/div>\n\t\t<\/section>\n\t\t\t\t<section class=\"elementor-section elementor-top-section elementor-element elementor-element-8545953 elementor-section-boxed elementor-section-height-default elementor-section-height-default wpr-particle-no wpr-jarallax-no wpr-parallax-no wpr-sticky-section-no\" data-id=\"8545953\" data-element_type=\"section\" data-e-type=\"section\">\n\t\t\t\t\t\t<div class=\"elementor-container elementor-column-gap-default\">\n\t\t\t\t\t<div class=\"elementor-column elementor-col-100 elementor-top-column elementor-element elementor-element-48e73da\" data-id=\"48e73da\" data-element_type=\"column\" data-e-type=\"column\">\n\t\t\t<div class=\"elementor-widget-wrap elementor-element-populated\">\n\t\t\t\t\t\t<div class=\"elementor-element elementor-element-5a236fb elementor-widget elementor-widget-heading\" data-id=\"5a236fb\" data-element_type=\"widget\" data-e-type=\"widget\" data-widget_type=\"heading.default\">\n\t\t\t\t<div class=\"elementor-widget-container\">\n\t\t\t\t\t<h2 class=\"elementor-heading-title elementor-size-default\">Our values<\/h2>\t\t\t\t<\/div>\n\t\t\t\t<\/div>\n\t\t\t\t\t<\/div>\n\t\t<\/div>\n\t\t\t\t\t<\/div>\n\t\t<\/section>\n\t\t\t\t<section class=\"elementor-section elementor-top-section elementor-element elementor-element-2c9c4c3 elementor-section-boxed elementor-section-height-default elementor-section-height-default wpr-particle-no wpr-jarallax-no wpr-parallax-no wpr-sticky-section-no\" data-id=\"2c9c4c3\" data-element_type=\"section\" data-e-type=\"section\">\n\t\t\t\t\t\t<div class=\"elementor-container elementor-column-gap-default\">\n\t\t\t\t\t<div class=\"elementor-column elementor-col-25 elementor-top-column elementor-element elementor-element-aef368a\" data-id=\"aef368a\" data-element_type=\"column\" data-e-type=\"column\">\n\t\t\t<div class=\"elementor-widget-wrap elementor-element-populated\">\n\t\t\t\t\t\t<div class=\"elementor-element elementor-element-311268c elementor-widget elementor-widget-heading\" data-id=\"311268c\" data-element_type=\"widget\" data-e-type=\"widget\" data-widget_type=\"heading.default\">\n\t\t\t\t<div class=\"elementor-widget-container\">\n\t\t\t\t\t<h2 class=\"elementor-heading-title elementor-size-default\">SECURITY<\/h2>\t\t\t\t<\/div>\n\t\t\t\t<\/div>\n\t\t\t\t<div class=\"elementor-element elementor-element-efa03b8 elementor-invisible elementor-widget elementor-widget-text-editor\" data-id=\"efa03b8\" data-element_type=\"widget\" data-e-type=\"widget\" data-settings=\"{&quot;_animation&quot;:&quot;zoomIn&quot;}\" data-widget_type=\"text-editor.default\">\n\t\t\t\t<div class=\"elementor-widget-container\">\n\t\t\t\t\t\t\t\t\t<p>Ejecutamos cada proyecto bajo protocolos de protecci\u00f3n estrictos, garantizando la integridad f\u00edsica de las personas y la continuidad operativa de los activos industriales.<\/p>\t\t\t\t\t\t\t\t<\/div>\n\t\t\t\t<\/div>\n\t\t\t\t\t<\/div>\n\t\t<\/div>\n\t\t\t\t<div class=\"elementor-column elementor-col-25 elementor-top-column elementor-element elementor-element-ed4a00a\" data-id=\"ed4a00a\" data-element_type=\"column\" data-e-type=\"column\">\n\t\t\t<div class=\"elementor-widget-wrap elementor-element-populated\">\n\t\t\t\t\t\t<div class=\"elementor-element elementor-element-3c4d18a elementor-widget elementor-widget-heading\" data-id=\"3c4d18a\" data-element_type=\"widget\" data-e-type=\"widget\" data-widget_type=\"heading.default\">\n\t\t\t\t<div class=\"elementor-widget-container\">\n\t\t\t\t\t<h2 class=\"elementor-heading-title elementor-size-default\">EXCELLENCE<\/h2>\t\t\t\t<\/div>\n\t\t\t\t<\/div>\n\t\t\t\t<div class=\"elementor-element elementor-element-7f4e4d5 elementor-invisible elementor-widget elementor-widget-text-editor\" data-id=\"7f4e4d5\" data-element_type=\"widget\" data-e-type=\"widget\" data-settings=\"{&quot;_animation&quot;:&quot;zoomIn&quot;}\" data-widget_type=\"text-editor.default\">\n\t\t\t\t<div class=\"elementor-widget-container\">\n\t\t\t\t\t\t\t\t\t<p>The excellence of our solutions is our main reference.<\/p>\t\t\t\t\t\t\t\t<\/div>\n\t\t\t\t<\/div>\n\t\t\t\t\t<\/div>\n\t\t<\/div>\n\t\t\t\t<div class=\"elementor-column elementor-col-25 elementor-top-column elementor-element elementor-element-944443d\" data-id=\"944443d\" data-element_type=\"column\" data-e-type=\"column\">\n\t\t\t<div class=\"elementor-widget-wrap elementor-element-populated\">\n\t\t\t\t\t\t<div class=\"elementor-element elementor-element-cf484b4 elementor-widget elementor-widget-heading\" data-id=\"cf484b4\" data-element_type=\"widget\" data-e-type=\"widget\" data-widget_type=\"heading.default\">\n\t\t\t\t<div class=\"elementor-widget-container\">\n\t\t\t\t\t<h2 class=\"elementor-heading-title elementor-size-default\">RESPECT<\/h2>\t\t\t\t<\/div>\n\t\t\t\t<\/div>\n\t\t\t\t<div class=\"elementor-element elementor-element-0455972 elementor-invisible elementor-widget elementor-widget-text-editor\" data-id=\"0455972\" data-element_type=\"widget\" data-e-type=\"widget\" data-settings=\"{&quot;_animation&quot;:&quot;zoomIn&quot;}\" data-widget_type=\"text-editor.default\">\n\t\t\t\t<div class=\"elementor-widget-container\">\n\t\t\t\t\t\t\t\t\t<p>Las relaciones con nuestros colaboradores, clientes e involucradros internas y externos son conducidas por el respeto mutuo.<\/p>\t\t\t\t\t\t\t\t<\/div>\n\t\t\t\t<\/div>\n\t\t\t\t\t<\/div>\n\t\t<\/div>\n\t\t\t\t<div class=\"elementor-column elementor-col-25 elementor-top-column elementor-element elementor-element-cdf1c66\" data-id=\"cdf1c66\" data-element_type=\"column\" data-e-type=\"column\">\n\t\t\t<div class=\"elementor-widget-wrap elementor-element-populated\">\n\t\t\t\t\t\t<div class=\"elementor-element elementor-element-bae4fff elementor-widget elementor-widget-heading\" data-id=\"bae4fff\" data-element_type=\"widget\" data-e-type=\"widget\" data-widget_type=\"heading.default\">\n\t\t\t\t<div class=\"elementor-widget-container\">\n\t\t\t\t\t<h2 class=\"elementor-heading-title elementor-size-default\">SENSITIVITY<\/h2>\t\t\t\t<\/div>\n\t\t\t\t<\/div>\n\t\t\t\t<div class=\"elementor-element elementor-element-ce7239e elementor-invisible elementor-widget elementor-widget-text-editor\" data-id=\"ce7239e\" data-element_type=\"widget\" data-e-type=\"widget\" data-settings=\"{&quot;_animation&quot;:&quot;zoomIn&quot;}\" data-widget_type=\"text-editor.default\">\n\t\t\t\t<div class=\"elementor-widget-container\">\n\t\t\t\t\t\t\t\t\t<p>We understand our customers' needs because we are familiar with the dynamic and high-pressure environment of the industrial setting.<\/p>\t\t\t\t\t\t\t\t<\/div>\n\t\t\t\t<\/div>\n\t\t\t\t\t<\/div>\n\t\t<\/div>\n\t\t\t\t\t<\/div>\n\t\t<\/section>\n\t\t\t\t<\/div>","protected":false},"excerpt":{"rendered":"<p>Conoce m\u00e1s de nosotros En el a\u00f1o 2013 se funda en la ciudad de Punto Fijo, Estado Falc\u00f3n, Venezuela, la empresa Alto Torque, C.A., como un emprendimiento que busca aportar valor a sus clientes, accionistas e involucrados, ofreciendo soluciones\u00a0 especializadas ejecutadas de forma profesional, combinaci\u00f3n poco frecuente en el \u00e1mbito industrial, se inicia para aquel momento apuntando al \u00e1rea de integridad de juntas brindadas o empernadas, siendo capaces de ejecutar mas que solo un servicio de armado o desarmado, se ofrecen todos los aspectos t\u00e9cnicos que involucran el manejo del ciclo de vida de la junta (dise\u00f1o, mantenimiento, operaci\u00f3n, mejoras o disposici\u00f3n),\u00a0 siguiendo lineamientos internacionalmente aceptados como referencias. En el a\u00f1o 2014 se agrega el \u00e1rea de negocio de Mecanizado en Sitio, bajo el mismo enfoque, cerrar las brechas de soluciones de alto valor, el principal elemento lo constituye la capacidad de realizar las operaciones de fresado en sitio, destacando sobre lo disponible regionalmente. En el a\u00f1o 2015 se incorporan 2 nuevas \u00e1reas de negocios, Tecnolog\u00eda L\u00e1ser y Salud de Activos, cada una ellas buscando el m\u00e1ximo valor para los involucrados, la Sinergia entre las \u00e1reas de negocios es lo que lo hace posible. En 2016 se inician operaciones en Colombia, Alto Torque Ingenier\u00eda SAS y en 2017 en USA AT Engineering &amp; Solutions LLC, buscando hacer disponibles desde estas ubicaciones nuestras soluciones y sinergias. En el a\u00f1o 2018 se incorpora tecnolog\u00eda de punta para el \u00e1rea de negocio Tecnolog\u00eda L\u00e1ser, con la inversi\u00f3n el sistema de medici\u00f3n por coordenadas port\u00e1til (Laser Tracker), Faro Vantage y la aplicaci\u00f3n Spatial Analyzer, as\u00ed como el inicio del proyecto para la implementaci\u00f3n del Sistema de Gesti\u00f3n de Calidad. En 2020 se incorpora un \u00e1rea de negocio de tecnolog\u00eda, adapt\u00e1ndonos a las nuevas tendencias y avances a los que se enfrenta el mundo industrial, por lo que nace Reliabytics, que es una plataforma digital clave para la gesti\u00f3n inteligente y predictiva de activos industriales, impulsando la transformaci\u00f3n de operaciones tradicionales hacia procesos digitales conectados. Misi\u00f3n Somos una empresa que proporciona soluciones especializadas en el \u00e1mbito industrial, en un ambiente de trabajo seguro y de alto valor para nuestros clientes y accionistas. Visi\u00f3n En el 2026 seremos la empresa de referencia en la regi\u00f3n, en el \u00e1rea de soluciones especializadas en el \u00e1mbito industrial. Nuestros valores SEGURIDAD Ejecutamos cada proyecto bajo protocolos de protecci\u00f3n estrictos, garantizando la integridad f\u00edsica de las personas y la continuidad operativa de los activos industriales. EXCELENCIA La excelencia de nuestras soluciones es nuestra principal referencia. RESPETO Las relaciones con nuestros colaboradores, clientes e involucradros internas y externos son conducidas por el respeto mutuo. SENSIBILIDAD Entendemos las necesidades de nuestros clientes por ser conocedores del ambiente din\u00e1mico y de elevada presi\u00f3n propio del entorno industrial.<\/p>","protected":false},"author":1,"featured_media":0,"parent":0,"menu_order":0,"comment_status":"closed","ping_status":"closed","template":"elementor_header_footer","meta":{"_monsterinsights_skip_tracking":false,"_monsterinsights_sitenote_active":false,"_monsterinsights_sitenote_note":"","_monsterinsights_sitenote_category":0,"footnotes":""},"class_list":["post-9","page","type-page","status-publish","hentry"],"_links":{"self":[{"href":"https:\/\/theatgroup.1mas3.com\/en\/wp-json\/wp\/v2\/pages\/9","targetHints":{"allow":["GET"]}}],"collection":[{"href":"https:\/\/theatgroup.1mas3.com\/en\/wp-json\/wp\/v2\/pages"}],"about":[{"href":"https:\/\/theatgroup.1mas3.com\/en\/wp-json\/wp\/v2\/types\/page"}],"author":[{"embeddable":true,"href":"https:\/\/theatgroup.1mas3.com\/en\/wp-json\/wp\/v2\/users\/1"}],"replies":[{"embeddable":true,"href":"https:\/\/theatgroup.1mas3.com\/en\/wp-json\/wp\/v2\/comments?post=9"}],"version-history":[{"count":69,"href":"https:\/\/theatgroup.1mas3.com\/en\/wp-json\/wp\/v2\/pages\/9\/revisions"}],"predecessor-version":[{"id":3966,"href":"https:\/\/theatgroup.1mas3.com\/en\/wp-json\/wp\/v2\/pages\/9\/revisions\/3966"}],"wp:attachment":[{"href":"https:\/\/theatgroup.1mas3.com\/en\/wp-json\/wp\/v2\/media?parent=9"}],"curies":[{"name":"wp","href":"https:\/\/api.w.org\/{rel}","templated":true}]}}