{"id":1570,"date":"2019-04-29T16:55:49","date_gmt":"2019-04-29T22:55:49","guid":{"rendered":"https:\/\/theatgroup.1mas3.com\/?page_id=1570"},"modified":"2026-03-16T15:06:32","modified_gmt":"2026-03-16T21:06:32","slug":"naval","status":"publish","type":"page","link":"https:\/\/theatgroup.1mas3.com\/es\/naval\/","title":{"rendered":"NAVAL"},"content":{"rendered":"\t\t<div data-elementor-type=\"wp-post\" data-elementor-id=\"1570\" class=\"elementor elementor-1570\" data-elementor-post-type=\"page\">\n\t\t\t\t\t\t<section class=\"elementor-section elementor-top-section elementor-element elementor-element-25dfbab9 elementor-section-full_width elementor-section-height-min-height elementor-section-height-default elementor-section-items-middle wpr-particle-no wpr-jarallax-no wpr-parallax-no wpr-sticky-section-no\" data-id=\"25dfbab9\" data-element_type=\"section\" data-e-type=\"section\" data-settings=\"{&quot;background_background&quot;:&quot;classic&quot;}\">\n\t\t\t\t\t\t<div class=\"elementor-container elementor-column-gap-no\">\n\t\t\t\t\t<div class=\"elementor-column elementor-col-100 elementor-top-column elementor-element elementor-element-69cf65be\" data-id=\"69cf65be\" data-element_type=\"column\" data-e-type=\"column\" data-settings=\"{&quot;background_background&quot;:&quot;classic&quot;}\">\n\t\t\t<div class=\"elementor-widget-wrap elementor-element-populated\">\n\t\t\t\t\t\t<section class=\"elementor-section elementor-inner-section elementor-element elementor-element-220e2e0e elementor-section-boxed elementor-section-height-default elementor-section-height-default wpr-particle-no wpr-jarallax-no wpr-parallax-no wpr-sticky-section-no\" data-id=\"220e2e0e\" data-element_type=\"section\" data-e-type=\"section\">\n\t\t\t\t\t\t<div class=\"elementor-container elementor-column-gap-default\">\n\t\t\t\t\t<div class=\"elementor-column elementor-col-33 elementor-inner-column elementor-element elementor-element-40e8c775\" data-id=\"40e8c775\" data-element_type=\"column\" data-e-type=\"column\">\n\t\t\t<div class=\"elementor-widget-wrap\">\n\t\t\t\t\t\t\t<\/div>\n\t\t<\/div>\n\t\t\t\t<div class=\"elementor-column elementor-col-33 elementor-inner-column elementor-element elementor-element-2ce0c49e\" data-id=\"2ce0c49e\" data-element_type=\"column\" data-e-type=\"column\" data-settings=\"{&quot;background_background&quot;:&quot;classic&quot;}\">\n\t\t\t<div class=\"elementor-widget-wrap elementor-element-populated\">\n\t\t\t\t\t\t<div class=\"elementor-element elementor-element-4f9b4046 elementor-widget elementor-widget-heading\" data-id=\"4f9b4046\" data-element_type=\"widget\" data-e-type=\"widget\" data-widget_type=\"heading.default\">\n\t\t\t\t<div class=\"elementor-widget-container\">\n\t\t\t\t\t<h2 class=\"elementor-heading-title elementor-size-default\">NAVAL<\/h2>\t\t\t\t<\/div>\n\t\t\t\t<\/div>\n\t\t\t\t<div class=\"elementor-element elementor-element-458ffc4f elementor-widget elementor-widget-text-editor\" data-id=\"458ffc4f\" data-element_type=\"widget\" data-e-type=\"widget\" data-widget_type=\"text-editor.default\">\n\t\t\t\t<div class=\"elementor-widget-container\">\n\t\t\t\t\t\t\t\t\t<div>Podemos proporcionar y apoyar las siguientes actividades,<\/div><p>\u00a0<\/p><ul><li>Nivelaci\u00f3n y planitud de bases met\u00e1licas (bombas, motores el\u00e9ctricos, generadores, turbinas, compresores, etc.).<\/li><li>Escaneo y construcci\u00f3n del modelo BIM de estructuras existentes.<\/li><li>Alineaci\u00f3n de ejes de equipos generales o especiales.<br \/>Alineaci\u00f3n de ejes de transmisi\u00f3n de h\u00e9lices.<\/li><li>Inspecci\u00f3n dimensional y centrada de rodamientos, arborante y caja de engranajes.<\/li><li>Control dimensional del armado y desarmado de equipos mec\u00e1nicos.<\/li><li>Desarmado y montaje de uniones mec\u00e1nicas.<\/li><li>Recuperaci\u00f3n de bases met\u00e1licas de maquinaria rotativa.<\/li><li>Inspecci\u00f3n dimensional y mecanizado in situ de intercambiadores de calor, haces tubulares, cubiertas flotantes, cubiertas, canales, etc.<\/li><li>Desarmado y montaje de uniones mec\u00e1nicas atornilladas.<\/li><li>Recuperaci\u00f3n de bases met\u00e1licas de maquinaria rotativa.<\/li><li>Control dimensional y centrado de potencia de turbom\u00e1quinas.<\/li><li>Inspecci\u00f3n dimensional in situ del mecanizado de intercambiadores de calor, haces tubulares, cubiertas flotantes, cubiertas, canales, etc.<\/li><li>Tensado hidr\u00e1ulico o torque en turbom\u00e1quinas y recipientes a presi\u00f3n.<\/li><li>Monitoreo de las variables que indican deterioro de los equipos rotativos (vibraciones, termograf\u00eda, inspecci\u00f3n visual, an\u00e1lisis de aceite).<\/li><li>Revisi\u00f3n de la estrategia de cuidado de activos (RCM, FMEA, RCA) con personal certificado de CMRP.<\/li><\/ul>\t\t\t\t\t\t\t\t<\/div>\n\t\t\t\t<\/div>\n\t\t\t\t\t<\/div>\n\t\t<\/div>\n\t\t\t\t<div class=\"elementor-column elementor-col-33 elementor-inner-column elementor-element elementor-element-3bef3220\" data-id=\"3bef3220\" data-element_type=\"column\" data-e-type=\"column\">\n\t\t\t<div class=\"elementor-widget-wrap\">\n\t\t\t\t\t\t\t<\/div>\n\t\t<\/div>\n\t\t\t\t\t<\/div>\n\t\t<\/section>\n\t\t\t\t\t<\/div>\n\t\t<\/div>\n\t\t\t\t\t<\/div>\n\t\t<\/section>\n\t\t\t\t<\/div>\n\t\t","protected":false},"excerpt":{"rendered":"<p>NAVAL Podemos proporcionar y apoyar las siguientes actividades, \u00a0 Nivelaci\u00f3n y planitud de bases met\u00e1licas (bombas, motores el\u00e9ctricos, generadores, turbinas, compresores, etc.). Escaneo y construcci\u00f3n del modelo BIM de estructuras existentes. Alineaci\u00f3n de ejes de equipos generales o especiales.Alineaci\u00f3n de ejes de transmisi\u00f3n de h\u00e9lices. Inspecci\u00f3n dimensional y centrada de rodamientos, arborante y caja de engranajes. Control dimensional del armado y desarmado de equipos mec\u00e1nicos. Desarmado y montaje de uniones mec\u00e1nicas. Recuperaci\u00f3n de bases met\u00e1licas de maquinaria rotativa. Inspecci\u00f3n dimensional y mecanizado in situ de intercambiadores de calor, haces tubulares, cubiertas flotantes, cubiertas, canales, etc. Desarmado y montaje de uniones mec\u00e1nicas atornilladas. Recuperaci\u00f3n de bases met\u00e1licas de maquinaria rotativa. Control dimensional y centrado de potencia de turbom\u00e1quinas. Inspecci\u00f3n dimensional in situ del mecanizado de intercambiadores de calor, haces tubulares, cubiertas flotantes, cubiertas, canales, etc. Tensado hidr\u00e1ulico o torque en turbom\u00e1quinas y recipientes a presi\u00f3n. Monitoreo de las variables que indican deterioro de los equipos rotativos (vibraciones, termograf\u00eda, inspecci\u00f3n visual, an\u00e1lisis de aceite). Revisi\u00f3n de la estrategia de cuidado de activos (RCM, FMEA, RCA) con personal certificado de CMRP.<\/p>\n","protected":false},"author":1,"featured_media":0,"parent":0,"menu_order":0,"comment_status":"closed","ping_status":"closed","template":"elementor_header_footer","meta":{"_monsterinsights_skip_tracking":false,"_monsterinsights_sitenote_active":false,"_monsterinsights_sitenote_note":"","_monsterinsights_sitenote_category":0,"footnotes":""},"class_list":["post-1570","page","type-page","status-publish","hentry"],"_links":{"self":[{"href":"https:\/\/theatgroup.1mas3.com\/es\/wp-json\/wp\/v2\/pages\/1570","targetHints":{"allow":["GET"]}}],"collection":[{"href":"https:\/\/theatgroup.1mas3.com\/es\/wp-json\/wp\/v2\/pages"}],"about":[{"href":"https:\/\/theatgroup.1mas3.com\/es\/wp-json\/wp\/v2\/types\/page"}],"author":[{"embeddable":true,"href":"https:\/\/theatgroup.1mas3.com\/es\/wp-json\/wp\/v2\/users\/1"}],"replies":[{"embeddable":true,"href":"https:\/\/theatgroup.1mas3.com\/es\/wp-json\/wp\/v2\/comments?post=1570"}],"version-history":[{"count":15,"href":"https:\/\/theatgroup.1mas3.com\/es\/wp-json\/wp\/v2\/pages\/1570\/revisions"}],"predecessor-version":[{"id":3926,"href":"https:\/\/theatgroup.1mas3.com\/es\/wp-json\/wp\/v2\/pages\/1570\/revisions\/3926"}],"wp:attachment":[{"href":"https:\/\/theatgroup.1mas3.com\/es\/wp-json\/wp\/v2\/media?parent=1570"}],"curies":[{"name":"wp","href":"https:\/\/api.w.org\/{rel}","templated":true}]}}