{"id":536,"date":"2019-03-15T10:24:22","date_gmt":"2019-03-15T16:24:22","guid":{"rendered":"https:\/\/theatgroup.1mas3.com\/?page_id=536"},"modified":"2026-03-16T15:02:17","modified_gmt":"2026-03-16T21:02:17","slug":"energia","status":"publish","type":"page","link":"https:\/\/theatgroup.1mas3.com\/es\/energia\/","title":{"rendered":"ENERG\u00cdA"},"content":{"rendered":"\t\t<div data-elementor-type=\"wp-post\" data-elementor-id=\"536\" class=\"elementor elementor-536\" data-elementor-post-type=\"page\">\n\t\t\t\t\t\t<section class=\"elementor-section elementor-top-section elementor-element elementor-element-260863e1 elementor-section-full_width elementor-section-height-min-height elementor-section-height-default elementor-section-items-middle wpr-particle-no wpr-jarallax-no wpr-parallax-no wpr-sticky-section-no\" data-id=\"260863e1\" data-element_type=\"section\" data-e-type=\"section\" data-settings=\"{&quot;background_background&quot;:&quot;classic&quot;}\">\n\t\t\t\t\t\t<div class=\"elementor-container elementor-column-gap-no\">\n\t\t\t\t\t<div class=\"elementor-column elementor-col-100 elementor-top-column elementor-element elementor-element-5269f1ee\" data-id=\"5269f1ee\" data-element_type=\"column\" data-e-type=\"column\" data-settings=\"{&quot;background_background&quot;:&quot;classic&quot;}\">\n\t\t\t<div class=\"elementor-widget-wrap elementor-element-populated\">\n\t\t\t\t\t\t<section class=\"elementor-section elementor-inner-section elementor-element elementor-element-2a3500d0 elementor-section-boxed elementor-section-height-default elementor-section-height-default wpr-particle-no wpr-jarallax-no wpr-parallax-no wpr-sticky-section-no\" data-id=\"2a3500d0\" data-element_type=\"section\" data-e-type=\"section\">\n\t\t\t\t\t\t<div class=\"elementor-container elementor-column-gap-default\">\n\t\t\t\t\t<div class=\"elementor-column elementor-col-33 elementor-inner-column elementor-element elementor-element-5169b891\" data-id=\"5169b891\" data-element_type=\"column\" data-e-type=\"column\">\n\t\t\t<div class=\"elementor-widget-wrap\">\n\t\t\t\t\t\t\t<\/div>\n\t\t<\/div>\n\t\t\t\t<div class=\"elementor-column elementor-col-33 elementor-inner-column elementor-element elementor-element-51a44b81\" data-id=\"51a44b81\" data-element_type=\"column\" data-e-type=\"column\" data-settings=\"{&quot;background_background&quot;:&quot;classic&quot;}\">\n\t\t\t<div class=\"elementor-widget-wrap elementor-element-populated\">\n\t\t\t\t\t\t<div class=\"elementor-element elementor-element-134ab492 elementor-widget elementor-widget-heading\" data-id=\"134ab492\" data-element_type=\"widget\" data-e-type=\"widget\" data-widget_type=\"heading.default\">\n\t\t\t\t<div class=\"elementor-widget-container\">\n\t\t\t\t\t<h2 class=\"elementor-heading-title elementor-size-default\">ENERG\u00cdA<\/h2>\t\t\t\t<\/div>\n\t\t\t\t<\/div>\n\t\t\t\t<div class=\"elementor-element elementor-element-18a564f0 elementor-widget elementor-widget-text-editor\" data-id=\"18a564f0\" data-element_type=\"widget\" data-e-type=\"widget\" data-widget_type=\"text-editor.default\">\n\t\t\t\t<div class=\"elementor-widget-container\">\n\t\t\t\t\t\t\t\t\t<p>Estamos en capacidad de apoyarlos en las siguientes actividades, sin limitarnos a ellas.<\/p><ul><li>Nivel y Planitud bases met\u00e1licas (bombas, motores el\u00e9ctricos, generadores, turbinas, compresores, etc.).<\/li><li>Mecanizado en Sitio de Ejes.<\/li><li>Alineaci\u00f3n de ejes, equipos prop\u00f3sito general o especial.<\/li><li>Desarmado-Armado de Juntas Mec\u00e1nicas.<\/li><li>Recuperaci\u00f3n de bases met\u00e1licas equipos rotativos.<\/li><li>Inspecci\u00f3n dimensional, mecanizado en sitio de intercambiadores de calor, haz tubular, tapas flotantes, tapas, channel, casco, etc.<\/li><li>Servicio de integridad de juntas mec\u00e1nicas en turbo-m\u00e1quinas y recipientes a presi\u00f3n (Control de torque hidr\u00e1ulico).<\/li><li>Monitoreo de las variables indicadoras de deterioro de equipos rotativos (vibraciones, termograf\u00eda, inspecci\u00f3n visual, an\u00e1lisis de aceite).<\/li><li>Revisi\u00f3n de la estrategia de cuidado de activos (RCM, FMEA) con personal certificado CMRP.<\/li><li>Control dimensional y centrado de turbo-m\u00e1quinas.<\/li><li>Suministro e instalaci\u00f3n de sistemas de protecci\u00f3n y monitoreo permanente de turbogeneradores y\/o BOP.<\/li><\/ul>\t\t\t\t\t\t\t\t<\/div>\n\t\t\t\t<\/div>\n\t\t\t\t\t<\/div>\n\t\t<\/div>\n\t\t\t\t<div class=\"elementor-column elementor-col-33 elementor-inner-column elementor-element elementor-element-7030f405\" data-id=\"7030f405\" data-element_type=\"column\" data-e-type=\"column\">\n\t\t\t<div class=\"elementor-widget-wrap\">\n\t\t\t\t\t\t\t<\/div>\n\t\t<\/div>\n\t\t\t\t\t<\/div>\n\t\t<\/section>\n\t\t\t\t\t<\/div>\n\t\t<\/div>\n\t\t\t\t\t<\/div>\n\t\t<\/section>\n\t\t\t\t<\/div>\n\t\t","protected":false},"excerpt":{"rendered":"<p>ENERG\u00cdA Estamos en capacidad de apoyarlos en las siguientes actividades, sin limitarnos a ellas. Nivel y Planitud bases met\u00e1licas (bombas, motores el\u00e9ctricos, generadores, turbinas, compresores, etc.). Mecanizado en Sitio de Ejes. Alineaci\u00f3n de ejes, equipos prop\u00f3sito general o especial. Desarmado-Armado de Juntas Mec\u00e1nicas. Recuperaci\u00f3n de bases met\u00e1licas equipos rotativos. Inspecci\u00f3n dimensional, mecanizado en sitio de intercambiadores de calor, haz tubular, tapas flotantes, tapas, channel, casco, etc. Servicio de integridad de juntas mec\u00e1nicas en turbo-m\u00e1quinas y recipientes a presi\u00f3n (Control de torque hidr\u00e1ulico). Monitoreo de las variables indicadoras de deterioro de equipos rotativos (vibraciones, termograf\u00eda, inspecci\u00f3n visual, an\u00e1lisis de aceite). Revisi\u00f3n de la estrategia de cuidado de activos (RCM, FMEA) con personal certificado CMRP. Control dimensional y centrado de turbo-m\u00e1quinas. Suministro e instalaci\u00f3n de sistemas de protecci\u00f3n y monitoreo permanente de turbogeneradores y\/o BOP.<\/p>\n","protected":false},"author":1,"featured_media":0,"parent":0,"menu_order":0,"comment_status":"closed","ping_status":"closed","template":"elementor_header_footer","meta":{"_monsterinsights_skip_tracking":false,"_monsterinsights_sitenote_active":false,"_monsterinsights_sitenote_note":"","_monsterinsights_sitenote_category":0,"footnotes":""},"class_list":["post-536","page","type-page","status-publish","hentry"],"_links":{"self":[{"href":"https:\/\/theatgroup.1mas3.com\/es\/wp-json\/wp\/v2\/pages\/536","targetHints":{"allow":["GET"]}}],"collection":[{"href":"https:\/\/theatgroup.1mas3.com\/es\/wp-json\/wp\/v2\/pages"}],"about":[{"href":"https:\/\/theatgroup.1mas3.com\/es\/wp-json\/wp\/v2\/types\/page"}],"author":[{"embeddable":true,"href":"https:\/\/theatgroup.1mas3.com\/es\/wp-json\/wp\/v2\/users\/1"}],"replies":[{"embeddable":true,"href":"https:\/\/theatgroup.1mas3.com\/es\/wp-json\/wp\/v2\/comments?post=536"}],"version-history":[{"count":27,"href":"https:\/\/theatgroup.1mas3.com\/es\/wp-json\/wp\/v2\/pages\/536\/revisions"}],"predecessor-version":[{"id":3917,"href":"https:\/\/theatgroup.1mas3.com\/es\/wp-json\/wp\/v2\/pages\/536\/revisions\/3917"}],"wp:attachment":[{"href":"https:\/\/theatgroup.1mas3.com\/es\/wp-json\/wp\/v2\/media?parent=536"}],"curies":[{"name":"wp","href":"https:\/\/api.w.org\/{rel}","templated":true}]}}