{"id":547,"date":"2019-03-15T10:27:10","date_gmt":"2019-03-15T16:27:10","guid":{"rendered":"https:\/\/theatgroup.1mas3.com\/?page_id=547"},"modified":"2026-03-16T14:30:22","modified_gmt":"2026-03-16T20:30:22","slug":"pulpa-papel","status":"publish","type":"page","link":"https:\/\/theatgroup.1mas3.com\/es\/pulpa-papel\/","title":{"rendered":"PULPA &#038; PAPEL"},"content":{"rendered":"\t\t<div data-elementor-type=\"wp-post\" data-elementor-id=\"547\" class=\"elementor elementor-547\" data-elementor-post-type=\"page\">\n\t\t\t\t\t\t<section class=\"elementor-section elementor-top-section elementor-element elementor-element-2970914 elementor-section-full_width elementor-section-height-min-height elementor-section-height-default elementor-section-items-middle wpr-particle-no wpr-jarallax-no wpr-parallax-no wpr-sticky-section-no\" data-id=\"2970914\" data-element_type=\"section\" data-e-type=\"section\" data-settings=\"{&quot;background_background&quot;:&quot;classic&quot;}\">\n\t\t\t\t\t\t<div class=\"elementor-container elementor-column-gap-no\">\n\t\t\t\t\t<div class=\"elementor-column elementor-col-100 elementor-top-column elementor-element elementor-element-7dac0dd\" data-id=\"7dac0dd\" data-element_type=\"column\" data-e-type=\"column\" data-settings=\"{&quot;background_background&quot;:&quot;classic&quot;}\">\n\t\t\t<div class=\"elementor-widget-wrap elementor-element-populated\">\n\t\t\t\t\t\t<section class=\"elementor-section elementor-inner-section elementor-element elementor-element-c55ee67 elementor-section-boxed elementor-section-height-default elementor-section-height-default wpr-particle-no wpr-jarallax-no wpr-parallax-no wpr-sticky-section-no\" data-id=\"c55ee67\" data-element_type=\"section\" data-e-type=\"section\">\n\t\t\t\t\t\t<div class=\"elementor-container elementor-column-gap-default\">\n\t\t\t\t\t<div class=\"elementor-column elementor-col-33 elementor-inner-column elementor-element elementor-element-9fcfb8b\" data-id=\"9fcfb8b\" data-element_type=\"column\" data-e-type=\"column\">\n\t\t\t<div class=\"elementor-widget-wrap\">\n\t\t\t\t\t\t\t<\/div>\n\t\t<\/div>\n\t\t\t\t<div class=\"elementor-column elementor-col-33 elementor-inner-column elementor-element elementor-element-d2d1cd2\" data-id=\"d2d1cd2\" data-element_type=\"column\" data-e-type=\"column\" data-settings=\"{&quot;background_background&quot;:&quot;classic&quot;}\">\n\t\t\t<div class=\"elementor-widget-wrap elementor-element-populated\">\n\t\t\t\t\t\t<div class=\"elementor-element elementor-element-f7b5998 elementor-widget elementor-widget-heading\" data-id=\"f7b5998\" data-element_type=\"widget\" data-e-type=\"widget\" data-widget_type=\"heading.default\">\n\t\t\t\t<div class=\"elementor-widget-container\">\n\t\t\t\t\t<h2 class=\"elementor-heading-title elementor-size-default\">PULPA &amp; PAPEL<\/h2>\t\t\t\t<\/div>\n\t\t\t\t<\/div>\n\t\t\t\t<div class=\"elementor-element elementor-element-e2416b3 elementor-widget elementor-widget-text-editor\" data-id=\"e2416b3\" data-element_type=\"widget\" data-e-type=\"widget\" data-widget_type=\"text-editor.default\">\n\t\t\t\t<div class=\"elementor-widget-container\">\n\t\t\t\t\t\t\t\t\t<p>Estamos en capacidad de apoyarlos en las siguientes actividades, sin limitarnos a ellas.<\/p><ul><li>Nivel, Paralelismo y Perpendicularidad de Rodillos de Succi\u00f3n.<\/li><li>Nivel, Paralelismo y Perpendicularidad Rodillos de Secadores o Yankee.<\/li><li>Nivel, Paralelismo y Perpendicularidad de elementos mesa de formaci\u00f3n.<\/li><li>Mecanizado en Sitio de Ejes de Secadores.<\/li><li>Mecanizado en Sitio de Gu\u00edas Brazos Bobinadoras.\u00a0<\/li><li>Nivel y Paralelismo de Calandria, Rodillos Rey y Reinas.<\/li><li>Alineaci\u00f3n de Line Shaft.<\/li><li>Control dimensional de poleas c\u00f3nicas de transmisi\u00f3n mec\u00e1nica.<\/li><li>Desarmado y armado de juntas mec\u00e1nicas.<\/li><li>Recuperaci\u00f3n de bases bombas centrifugas, de vac\u00edo, agitadores, etc.<\/li><li>Nivel y alineaci\u00f3n de Caja reductora Hydrapulpers y estrellas.<\/li><li>Control dimensional estrellas Hydrapulpers.<\/li><li>Nivel y alineaci\u00f3n de Caja reductora Screw Feeders.<\/li><li>Nivel, Paralelismo y Perpendicularidad de Rodillos de Cola y Transmisi\u00f3n\u00a0 bandas transportadoras.<\/li><li>Inspecci\u00f3n dimensional y Centrado de digestores continuos.<\/li><li>Inspecci\u00f3n dimensional, mecanizado en sitio de intercambiadores de calor, haz tubular, tapas flotantes, tapas, channel, casco, etc.<\/li><li>Servicio de integridad de juntas mec\u00e1nicas en turbo-m\u00e1quinas y recipientes a presi\u00f3n.<\/li><li>Monitores de las variables indicadoras de deterioro de equipos rotativos (vibraciones, termograf\u00eda, inspecci\u00f3n visual, an\u00e1lisis de aceite).<\/li><li>Revisi\u00f3n de la estrategia de cuidado de activos (<strong>RCM<\/strong>, <strong>FMEA<\/strong>) con personal\u00a0 \u00a0certificado <strong>CMRP<\/strong>.<\/li><\/ul>\t\t\t\t\t\t\t\t<\/div>\n\t\t\t\t<\/div>\n\t\t\t\t\t<\/div>\n\t\t<\/div>\n\t\t\t\t<div class=\"elementor-column elementor-col-33 elementor-inner-column elementor-element elementor-element-2c74abc\" data-id=\"2c74abc\" data-element_type=\"column\" data-e-type=\"column\">\n\t\t\t<div class=\"elementor-widget-wrap\">\n\t\t\t\t\t\t\t<\/div>\n\t\t<\/div>\n\t\t\t\t\t<\/div>\n\t\t<\/section>\n\t\t\t\t\t<\/div>\n\t\t<\/div>\n\t\t\t\t\t<\/div>\n\t\t<\/section>\n\t\t\t\t<\/div>\n\t\t","protected":false},"excerpt":{"rendered":"<p>PULPA &amp; PAPEL Estamos en capacidad de apoyarlos en las siguientes actividades, sin limitarnos a ellas. Nivel, Paralelismo y Perpendicularidad de Rodillos de Succi\u00f3n. Nivel, Paralelismo y Perpendicularidad Rodillos de Secadores o Yankee. Nivel, Paralelismo y Perpendicularidad de elementos mesa de formaci\u00f3n. Mecanizado en Sitio de Ejes de Secadores. Mecanizado en Sitio de Gu\u00edas Brazos Bobinadoras.\u00a0 Nivel y Paralelismo de Calandria, Rodillos Rey y Reinas. Alineaci\u00f3n de Line Shaft. Control dimensional de poleas c\u00f3nicas de transmisi\u00f3n mec\u00e1nica. Desarmado y armado de juntas mec\u00e1nicas. Recuperaci\u00f3n de bases bombas centrifugas, de vac\u00edo, agitadores, etc. Nivel y alineaci\u00f3n de Caja reductora Hydrapulpers y estrellas. Control dimensional estrellas Hydrapulpers. Nivel y alineaci\u00f3n de Caja reductora Screw Feeders. Nivel, Paralelismo y Perpendicularidad de Rodillos de Cola y Transmisi\u00f3n\u00a0 bandas transportadoras. Inspecci\u00f3n dimensional y Centrado de digestores continuos. Inspecci\u00f3n dimensional, mecanizado en sitio de intercambiadores de calor, haz tubular, tapas flotantes, tapas, channel, casco, etc. Servicio de integridad de juntas mec\u00e1nicas en turbo-m\u00e1quinas y recipientes a presi\u00f3n. Monitores de las variables indicadoras de deterioro de equipos rotativos (vibraciones, termograf\u00eda, inspecci\u00f3n visual, an\u00e1lisis de aceite). Revisi\u00f3n de la estrategia de cuidado de activos (RCM, FMEA) con personal\u00a0 \u00a0certificado CMRP.<\/p>\n","protected":false},"author":1,"featured_media":0,"parent":0,"menu_order":0,"comment_status":"closed","ping_status":"closed","template":"elementor_header_footer","meta":{"_monsterinsights_skip_tracking":false,"_monsterinsights_sitenote_active":false,"_monsterinsights_sitenote_note":"","_monsterinsights_sitenote_category":0,"footnotes":""},"class_list":["post-547","page","type-page","status-publish","hentry"],"_links":{"self":[{"href":"https:\/\/theatgroup.1mas3.com\/es\/wp-json\/wp\/v2\/pages\/547","targetHints":{"allow":["GET"]}}],"collection":[{"href":"https:\/\/theatgroup.1mas3.com\/es\/wp-json\/wp\/v2\/pages"}],"about":[{"href":"https:\/\/theatgroup.1mas3.com\/es\/wp-json\/wp\/v2\/types\/page"}],"author":[{"embeddable":true,"href":"https:\/\/theatgroup.1mas3.com\/es\/wp-json\/wp\/v2\/users\/1"}],"replies":[{"embeddable":true,"href":"https:\/\/theatgroup.1mas3.com\/es\/wp-json\/wp\/v2\/comments?post=547"}],"version-history":[{"count":24,"href":"https:\/\/theatgroup.1mas3.com\/es\/wp-json\/wp\/v2\/pages\/547\/revisions"}],"predecessor-version":[{"id":3886,"href":"https:\/\/theatgroup.1mas3.com\/es\/wp-json\/wp\/v2\/pages\/547\/revisions\/3886"}],"wp:attachment":[{"href":"https:\/\/theatgroup.1mas3.com\/es\/wp-json\/wp\/v2\/media?parent=547"}],"curies":[{"name":"wp","href":"https:\/\/api.w.org\/{rel}","templated":true}]}}