{"id":646,"date":"2019-04-16T12:20:24","date_gmt":"2019-04-16T18:20:24","guid":{"rendered":"https:\/\/theatgroup.1mas3.com\/?page_id=646"},"modified":"2026-03-16T14:36:26","modified_gmt":"2026-03-16T20:36:26","slug":"oil-y-gas","status":"publish","type":"page","link":"https:\/\/theatgroup.1mas3.com\/es\/oil-y-gas\/","title":{"rendered":"OIL Y GAS"},"content":{"rendered":"\t\t<div data-elementor-type=\"wp-post\" data-elementor-id=\"646\" class=\"elementor elementor-646\" data-elementor-post-type=\"page\">\n\t\t\t\t\t\t<section class=\"elementor-section elementor-top-section elementor-element elementor-element-6a81a28a elementor-section-full_width elementor-section-height-min-height elementor-section-height-default elementor-section-items-middle wpr-particle-no wpr-jarallax-no wpr-parallax-no wpr-sticky-section-no\" data-id=\"6a81a28a\" data-element_type=\"section\" data-e-type=\"section\" data-settings=\"{&quot;background_background&quot;:&quot;classic&quot;}\">\n\t\t\t\t\t\t<div class=\"elementor-container elementor-column-gap-no\">\n\t\t\t\t\t<div class=\"elementor-column elementor-col-100 elementor-top-column elementor-element elementor-element-7381bd8e\" data-id=\"7381bd8e\" data-element_type=\"column\" data-e-type=\"column\" data-settings=\"{&quot;background_background&quot;:&quot;classic&quot;}\">\n\t\t\t<div class=\"elementor-widget-wrap elementor-element-populated\">\n\t\t\t\t\t\t<section class=\"elementor-section elementor-inner-section elementor-element elementor-element-46ce9107 elementor-section-boxed elementor-section-height-default elementor-section-height-default wpr-particle-no wpr-jarallax-no wpr-parallax-no wpr-sticky-section-no\" data-id=\"46ce9107\" data-element_type=\"section\" data-e-type=\"section\">\n\t\t\t\t\t\t<div class=\"elementor-container elementor-column-gap-default\">\n\t\t\t\t\t<div class=\"elementor-column elementor-col-33 elementor-inner-column elementor-element elementor-element-6eabb9e7\" data-id=\"6eabb9e7\" data-element_type=\"column\" data-e-type=\"column\">\n\t\t\t<div class=\"elementor-widget-wrap\">\n\t\t\t\t\t\t\t<\/div>\n\t\t<\/div>\n\t\t\t\t<div class=\"elementor-column elementor-col-33 elementor-inner-column elementor-element elementor-element-31aa26ee\" data-id=\"31aa26ee\" data-element_type=\"column\" data-e-type=\"column\" data-settings=\"{&quot;background_background&quot;:&quot;classic&quot;}\">\n\t\t\t<div class=\"elementor-widget-wrap elementor-element-populated\">\n\t\t\t\t\t\t<div class=\"elementor-element elementor-element-4b19cc0c elementor-widget elementor-widget-heading\" data-id=\"4b19cc0c\" data-element_type=\"widget\" data-e-type=\"widget\" data-widget_type=\"heading.default\">\n\t\t\t\t<div class=\"elementor-widget-container\">\n\t\t\t\t\t<h2 class=\"elementor-heading-title elementor-size-default\">OIL &amp; GAS<\/h2>\t\t\t\t<\/div>\n\t\t\t\t<\/div>\n\t\t\t\t<div class=\"elementor-element elementor-element-708e7119 elementor-widget elementor-widget-text-editor\" data-id=\"708e7119\" data-element_type=\"widget\" data-e-type=\"widget\" data-widget_type=\"text-editor.default\">\n\t\t\t\t<div class=\"elementor-widget-container\">\n\t\t\t\t\t\t\t\t\t<p>Estamos en capacidad de apoyarlos en las siguientes actividades, sin limitarnos a ellas.<\/p><ul><li>Nivel y Planitud bases met\u00e1licas (bombas, motores el\u00e9ctricos, generadores, turbinas, compresores, etc.)<\/li><li>Mecanizado en Sitio de Ejes.<\/li><li>Alineaci\u00f3n de ejes, equipos prop\u00f3sito general o especial.<\/li><li>Control dimensional armado y desarmado bombas multif\u00e1sicas, de lodos, etc.<\/li><li>Desarmado-Armado de Juntas Mec\u00e1nicas.<\/li><li>Recuperaci\u00f3n de bases met\u00e1licas equipos rotativos.<\/li><li>Inspecci\u00f3n dimensional, mecanizado en sitio de intercambiadores de calor, haz tubular, tapas flotantes, tapas, channel, casco, etc.<\/li><li>Servicio de integridad de juntas mec\u00e1nicas en turbom\u00e1quinas y recipientes a presi\u00f3n (Control de torque hidr\u00e1ulico).<\/li><li>Monitoreo de las variables indicadoras de deterioro de equipos rotativos (vibraciones, termograf\u00eda, inspecci\u00f3n visual, an\u00e1lisis de aceite).<\/li><li>Revisi\u00f3n de la estrategia de cuidado de activos (RCM, FMEA) con personal certificado CMRP.<\/li><\/ul>\t\t\t\t\t\t\t\t<\/div>\n\t\t\t\t<\/div>\n\t\t\t\t\t<\/div>\n\t\t<\/div>\n\t\t\t\t<div class=\"elementor-column elementor-col-33 elementor-inner-column elementor-element elementor-element-1bf062de\" data-id=\"1bf062de\" data-element_type=\"column\" data-e-type=\"column\">\n\t\t\t<div class=\"elementor-widget-wrap\">\n\t\t\t\t\t\t\t<\/div>\n\t\t<\/div>\n\t\t\t\t\t<\/div>\n\t\t<\/section>\n\t\t\t\t\t<\/div>\n\t\t<\/div>\n\t\t\t\t\t<\/div>\n\t\t<\/section>\n\t\t\t\t<\/div>\n\t\t","protected":false},"excerpt":{"rendered":"<p>OIL &amp; GAS Estamos en capacidad de apoyarlos en las siguientes actividades, sin limitarnos a ellas. Nivel y Planitud bases met\u00e1licas (bombas, motores el\u00e9ctricos, generadores, turbinas, compresores, etc.) Mecanizado en Sitio de Ejes. Alineaci\u00f3n de ejes, equipos prop\u00f3sito general o especial. Control dimensional armado y desarmado bombas multif\u00e1sicas, de lodos, etc. Desarmado-Armado de Juntas Mec\u00e1nicas. Recuperaci\u00f3n de bases met\u00e1licas equipos rotativos. Inspecci\u00f3n dimensional, mecanizado en sitio de intercambiadores de calor, haz tubular, tapas flotantes, tapas, channel, casco, etc. Servicio de integridad de juntas mec\u00e1nicas en turbom\u00e1quinas y recipientes a presi\u00f3n (Control de torque hidr\u00e1ulico). Monitoreo de las variables indicadoras de deterioro de equipos rotativos (vibraciones, termograf\u00eda, inspecci\u00f3n visual, an\u00e1lisis de aceite). Revisi\u00f3n de la estrategia de cuidado de activos (RCM, FMEA) con personal certificado CMRP.<\/p>\n","protected":false},"author":1,"featured_media":0,"parent":0,"menu_order":0,"comment_status":"closed","ping_status":"closed","template":"elementor_header_footer","meta":{"_monsterinsights_skip_tracking":false,"_monsterinsights_sitenote_active":false,"_monsterinsights_sitenote_note":"","_monsterinsights_sitenote_category":0,"footnotes":""},"class_list":["post-646","page","type-page","status-publish","hentry"],"_links":{"self":[{"href":"https:\/\/theatgroup.1mas3.com\/es\/wp-json\/wp\/v2\/pages\/646","targetHints":{"allow":["GET"]}}],"collection":[{"href":"https:\/\/theatgroup.1mas3.com\/es\/wp-json\/wp\/v2\/pages"}],"about":[{"href":"https:\/\/theatgroup.1mas3.com\/es\/wp-json\/wp\/v2\/types\/page"}],"author":[{"embeddable":true,"href":"https:\/\/theatgroup.1mas3.com\/es\/wp-json\/wp\/v2\/users\/1"}],"replies":[{"embeddable":true,"href":"https:\/\/theatgroup.1mas3.com\/es\/wp-json\/wp\/v2\/comments?post=646"}],"version-history":[{"count":18,"href":"https:\/\/theatgroup.1mas3.com\/es\/wp-json\/wp\/v2\/pages\/646\/revisions"}],"predecessor-version":[{"id":3892,"href":"https:\/\/theatgroup.1mas3.com\/es\/wp-json\/wp\/v2\/pages\/646\/revisions\/3892"}],"wp:attachment":[{"href":"https:\/\/theatgroup.1mas3.com\/es\/wp-json\/wp\/v2\/media?parent=646"}],"curies":[{"name":"wp","href":"https:\/\/api.w.org\/{rel}","templated":true}]}}